{"id":1956,"date":"2023-09-22T12:12:35","date_gmt":"2023-09-22T11:12:35","guid":{"rendered":"https:\/\/takinguthere.dev.loudzap.com\/politica-de-cookies\/"},"modified":"2023-09-22T12:12:35","modified_gmt":"2023-09-22T11:12:35","slug":"politica-de-cookies","status":"publish","type":"page","link":"https:\/\/takinguthere.com\/pt-pt\/politica-de-cookies\/","title":{"rendered":"Pol\u00edtica de Cookies"},"content":{"rendered":"<h1>Pol\u00edtica de cookies<\/h1>\n<p>Este website utiliza cookies para melhorar o seu servi\u00e7o.<\/p>\n<h3>1. O que s\u00e3o cookies?<\/h3>\n<p>Os cookies s\u00e3o pequenos ficheiros de texto armazenados no computador do utilizador quando visita determinados websites. Em alguns casos, s\u00e3o eliminados ap\u00f3s essa visita. Noutros casos s\u00e3o mantidos para visitas posteriores. O uso de cookies no acesso a websites \u00e9 uma pr\u00e1tica usual e os v\u00e1rios navegadores (browsers) permitem que cada utilizador possa recusar a sua utiliza\u00e7\u00e3o, bem como eliminar os que foram j\u00e1 criados.<\/p>\n<p>N\u00e3o dever\u00e1 continuar a aceder ao nosso website ap\u00f3s o alerta sobre os cookies, se n\u00e3o concordar com a sua utiliza\u00e7\u00e3o.<\/p>\n<h3>2. Qual \u00e9 o interesse em aceitar cookies?<\/h3>\n<p>Quando visita este website, registamos determinadas informa\u00e7\u00f5es que armazenamos no seu dispositivo. Alguns cookies podem ser essenciais para garantir as funcionalidades disponibilizadas, enquanto outros s\u00e3o destinadas a melhorar o desempenho e a experi\u00eancia do utilizador.<\/p>\n<h3>3. Aceitar\/Recusar cookies<\/h3>\n<p>Pode a qualquer momento optar por aceitar ou recusar a instala\u00e7\u00e3o de cookies no seu dispositivo, configurando o software de navega\u00e7\u00e3o.<\/p>\n<h4>3.1 Se aceitar cookies<\/h4>\n<p>O registo de um cookie no seu dispositivo depende da sua vontade. Em qualquer momento, pode modificar a sua escolha atrav\u00e9s das op\u00e7\u00f5es disponibilizadas pelo seu software de navega\u00e7\u00e3o.<\/p>\n<p>Se no software de navega\u00e7\u00e3o que utiliza tiver aceitado a grava\u00e7\u00e3o de cookies no seu dispositivo, os cookies integradas nas p\u00e1ginas e conte\u00fados que tiver consultado poder\u00e3o ficar temporariamente armazenadas num espa\u00e7o espec\u00edfico do seu dispositivo.<\/p>\n<h4>3.2 Se recusar cookies<\/h4>\n<p>Quando recusa cookies, apenas depositamos um cookie de &#8220;recusa&#8221;. Este cookie permite-nos memorizar a sua escolha, de modo a evitar perguntar-lhe a cada visita se deseja aceitar ou recusar cookies.<\/p>\n<h3>4. Gerir cookies nos v\u00e1rios browsers<\/h3>\n<p>Para desativar os cookies no seu browser pode consultar os links abaixo. Considerando o elevado n\u00famero de browsers e respetivas vers\u00f5es, estas instru\u00e7\u00f5es n\u00e3o s\u00e3o exaustivas.<\/p>\n<p><b>Firefox<\/b>: <a href=\"https:\/\/support.mozilla.org\/pt-PT\/kb\/protecao-contra-monitorizacao-melhorada-no-firefox-para-pc\" target=\"_blank\" rel=\"noopener noreferrer\">Prote\u00e7\u00e3o Contra Monitoriza\u00e7\u00e3o Melhorada<\/a><\/p>\n<p><b>Chrome<\/b>: <a href=\"https:\/\/support.google.com\/chrome\/answer\/95647?hl=pt\" target=\"_blank\" rel=\"noopener noreferrer\">Limpar, ativar e gerir cookies no Chrome<\/a><\/p>\n<p><b>Internet explorer<\/b>: <a href=\"https:\/\/support.microsoft.com\/pt-pt\/help\/17442\/windows-internet-explorer-delete-manage-cookies\" target=\"_blank\" rel=\"noopener noreferrer\">Eliminar e gerir cookies<\/a><\/p>\n<h3>5. Atualiza\u00e7\u00e3o da Notifica\u00e7\u00e3o Legal<\/h3>\n<p>Reservamos o direito de fazer quaisquer altera\u00e7\u00f5es ou corre\u00e7\u00f5es a esta notifica\u00e7\u00e3o de cookies. Por favor consulte esta p\u00e1gina regularmente de modo a rever a informa\u00e7\u00e3o e verificar se existe alguma atualiza\u00e7\u00e3o.<\/p>\n<p><i>Esta notifica\u00e7\u00e3o foi atualizada em 1 de Novembro de 2021<\/i><\/p>\n","protected":false},"excerpt":{"rendered":"<p>Pol\u00edtica de cookies Este website utiliza cookies para melhorar o seu servi\u00e7o. 1. O que s\u00e3o cookies? Os cookies s\u00e3o pequenos ficheiros de texto armazenados no computador do utilizador quando visita determinados websites. Em alguns casos, s\u00e3o eliminados ap\u00f3s essa visita. Noutros casos s\u00e3o mantidos para visitas posteriores. O uso de cookies no acesso a [&hellip;]<\/p>\n","protected":false},"author":4,"featured_media":0,"parent":0,"menu_order":0,"comment_status":"closed","ping_status":"closed","template":"","meta":{"_seopress_robots_primary_cat":"","_seopress_titles_title":"","_seopress_titles_desc":"","_seopress_robots_index":"","site-sidebar-layout":"default","site-content-layout":"default","ast-site-content-layout":"default","site-content-style":"default","site-sidebar-style":"default","ast-global-header-display":"","ast-banner-title-visibility":"","ast-main-header-display":"","ast-hfb-above-header-display":"","ast-hfb-below-header-display":"","ast-hfb-mobile-header-display":"","site-post-title":"","ast-breadcrumbs-content":"","ast-featured-img":"","footer-sml-layout":"","ast-disable-related-posts":"","theme-transparent-header-meta":"default","adv-header-id-meta":"","stick-header-meta":"","header-above-stick-meta":"","header-main-stick-meta":"","header-below-stick-meta":"","astra-migrate-meta-layouts":"default","ast-page-background-enabled":"default","ast-page-background-meta":{"desktop":{"background-color":"var(--ast-global-color-4)","background-image":"","background-repeat":"repeat","background-position":"center center","background-size":"auto","background-attachment":"scroll","background-type":"","background-media":"","overlay-type":"","overlay-color":"","overlay-opacity":"","overlay-gradient":""},"tablet":{"background-color":"","background-image":"","background-repeat":"repeat","background-position":"center center","background-size":"auto","background-attachment":"scroll","background-type":"","background-media":"","overlay-type":"","overlay-color":"","overlay-opacity":"","overlay-gradient":""},"mobile":{"background-color":"","background-image":"","background-repeat":"repeat","background-position":"center center","background-size":"auto","background-attachment":"scroll","background-type":"","background-media":"","overlay-type":"","overlay-color":"","overlay-opacity":"","overlay-gradient":""}},"ast-content-background-meta":{"desktop":{"background-color":"var(--ast-global-color-5)","background-image":"","background-repeat":"repeat","background-position":"center center","background-size":"auto","background-attachment":"scroll","background-type":"","background-media":"","overlay-type":"","overlay-color":"","overlay-opacity":"","overlay-gradient":""},"tablet":{"background-color":"var(--ast-global-color-5)","background-image":"","background-repeat":"repeat","background-position":"center center","background-size":"auto","background-attachment":"scroll","background-type":"","background-media":"","overlay-type":"","overlay-color":"","overlay-opacity":"","overlay-gradient":""},"mobile":{"background-color":"var(--ast-global-color-5)","background-image":"","background-repeat":"repeat","background-position":"center center","background-size":"auto","background-attachment":"scroll","background-type":"","background-media":"","overlay-type":"","overlay-color":"","overlay-opacity":"","overlay-gradient":""}},"footnotes":""},"class_list":["post-1956","page","type-page","status-publish","hentry"],"_links":{"self":[{"href":"https:\/\/takinguthere.com\/pt-pt\/wp-json\/wp\/v2\/pages\/1956","targetHints":{"allow":["GET"]}}],"collection":[{"href":"https:\/\/takinguthere.com\/pt-pt\/wp-json\/wp\/v2\/pages"}],"about":[{"href":"https:\/\/takinguthere.com\/pt-pt\/wp-json\/wp\/v2\/types\/page"}],"author":[{"embeddable":true,"href":"https:\/\/takinguthere.com\/pt-pt\/wp-json\/wp\/v2\/users\/4"}],"replies":[{"embeddable":true,"href":"https:\/\/takinguthere.com\/pt-pt\/wp-json\/wp\/v2\/comments?post=1956"}],"version-history":[{"count":0,"href":"https:\/\/takinguthere.com\/pt-pt\/wp-json\/wp\/v2\/pages\/1956\/revisions"}],"wp:attachment":[{"href":"https:\/\/takinguthere.com\/pt-pt\/wp-json\/wp\/v2\/media?parent=1956"}],"curies":[{"name":"wp","href":"https:\/\/api.w.org\/{rel}","templated":true}]}}